{"id":1590,"date":"2020-11-10T10:46:07","date_gmt":"2020-11-10T09:46:07","guid":{"rendered":"https:\/\/erato-holidays.gr\/o-nama\/"},"modified":"2021-01-27T10:13:55","modified_gmt":"2021-01-27T09:13:55","slug":"despre-noi","status":"publish","type":"page","link":"https:\/\/erato-holidays.gr\/ro\/despre-noi\/","title":{"rendered":"Despre noi"},"content":{"rendered":"<p>[vc_row enable_grid_lines=&#8221;&#8221; el_class=&#8221;img-row-title&#8221;][vc_column offset=&#8221;vc_hidden-lg vc_hidden-md&#8221;][vc_single_image image=&#8221;1253&#8243; img_size=&#8221;full&#8221;][\/vc_column][\/vc_row][vc_row full_width=&#8221;stretch_row&#8221; content_placement=&#8221;bottom&#8221; enable_grid_lines=&#8221;&#8221; el_class=&#8221;first-main-row&#8221;][vc_column][vc_row_inner content_placement=&#8221;bottom&#8221; enable_grid_lines=&#8221;&#8221; css=&#8221;.vc_custom_1607420394550{padding-top: 20px !important;padding-right: 40px !important;padding-left: 40px !important;background-image: url(https:\/\/erato-holidays.gr\/wp-content\/uploads\/2020\/12\/erato-hotel-reklama-na-krovu-hotela.jpg?id=1253) !important;background-position: center !important;background-repeat: no-repeat !important;background-size: cover !important;}&#8221; el_class=&#8221;first-fold first-fold-contact&#8221;][vc_column_inner el_class=&#8221;margin-l&#8221; width=&#8221;1\/2&#8243; css=&#8221;.vc_custom_1605708539294{margin-left: 100px !important;border-bottom-width: 1px !important;border-left-width: 1px !important;padding-top: 40px !important;padding-right: 60px !important;padding-bottom: 40px !important;padding-left: 60px !important;background-color: #ffffff !important;border-left-color: #e7e7e7 !important;border-left-style: solid !important;border-bottom-color: #e7e7e7 !important;border-bottom-style: solid !important;}&#8221;][vc_column_text css_animation=&#8221;none&#8221; css=&#8221;.vc_custom_1611674914525{padding-bottom: 40px !important;}&#8221;]<\/p>\n<h1 style=\"text-align: center;\">Despre noi<\/h1>\n<p>[\/vc_column_text][\/vc_column_inner][vc_column_inner width=&#8221;1\/2&#8243; offset=&#8221;vc_hidden-sm vc_hidden-xs&#8221;][\/vc_column_inner][\/vc_row_inner][\/vc_column][\/vc_row][vc_row enable_grid_lines=&#8221;&#8221; css=&#8221;.vc_custom_1604674697996{border-bottom-width: 1px !important;padding-top: 0px !important;padding-right: 100px !important;padding-left: 100px !important;border-bottom-color: #e7e7e7 !important;border-bottom-style: solid !important;}&#8221; el_class=&#8221;icon-row&#8221;][vc_column css=&#8221;.vc_custom_1604674694500{padding-top: 0px !important;}&#8221;][vc_row_inner content_placement=&#8221;bottom&#8221; enable_grid_lines=&#8221;&#8221; css=&#8221;.vc_custom_1605708564310{padding-right: 40px !important;padding-left: 40px !important;}&#8221; el_class=&#8221;padding-l-r-2 padding-l-r-2-1&#8243;][vc_column_inner css=&#8221;.vc_custom_1607507378053{border-right-width: 1px !important;border-left-width: 1px !important;padding-top: 60px !important;padding-right: 120px !important;padding-bottom: 60px !important;padding-left: 120px !important;background-color: #ffffff !important;border-left-color: #e7e7e7 !important;border-left-style: solid !important;border-right-color: #e7e7e7 !important;border-right-style: solid !important;}&#8221;][vc_custom_heading text=&#8221;ERATO HOLIDAYS este un grup hotelier dinamic al familiei Raki\u0107 care include \u00een prezent 6 hoteluri de\u021binute sau \u00eenchiriate.&#8221; font_container=&#8221;tag:p|font_size:20|text_align:left|color:%23133069|line_height:30px&#8221; google_fonts=&#8221;font_family:Libre%20Baskerville%3Aregular%2Citalic%2C700|font_style:400%20italic%3A400%3Aitalic&#8221; css_animation=&#8221;none&#8221;][vc_column_text css_animation=&#8221;none&#8221;]Hotelurile nostre sunt: hotel ERATO, Hotel PARALIA INN, Hotel PLAZA, Hotel ERATO STARS, Vila FRIDERIKI, Hotel SELENA MARE. Toate hotelurile sunt situate \u00een Paralia. Gestion\u0103m cu peste 200 de camere, 3 restaurante \u0219i agen\u021bie de turism.<\/p>\n<p>Peste 30 de ani de experien\u021b\u0103 \u00een turism \u0219i tradi\u021bie de peste 20 de ani \u00een industria hotelier\u0103 \u0219i de catering sunt garan\u021bia unui nivel ridicat de servicii \u00een cl\u0103dirile noastre. Afacerea noastr\u0103 \u00een domeniul turismului a \u00eenceput \u00een 1988 la Atena, iar din 1991 s-a extins \u00een nordul Greciei. Primul nostru hotel este hotelul ERATO din 1999. Ast\u0103zi, ERATO HOLIDAYS este unul dintre cele mai mari grupuri hoteliere din Paralia.[\/vc_column_text][\/vc_column_inner][\/vc_row_inner][\/vc_column][\/vc_row][vc_row equal_height=&#8221;yes&#8221; content_placement=&#8221;middle&#8221; enable_grid_lines=&#8221;&#8221; el_class=&#8221;col-min-height&#8221;][vc_column width=&#8221;1\/4&#8243; css=&#8221;.vc_custom_1607420560017{background-image: url(https:\/\/erato-holidays.gr\/wp-content\/uploads\/2020\/12\/paralia-inn-hotel-zgrada-5.jpg?id=837) !important;background-position: center !important;background-repeat: no-repeat !important;background-size: cover !important;}&#8221;][\/vc_column][vc_column width=&#8221;1\/2&#8243; css=&#8221;.vc_custom_1605708676909{padding-top: 40px !important;padding-right: 60px !important;padding-bottom: 60px !important;padding-left: 60px !important;background-color: #154093 !important;}&#8221; el_class=&#8221;white-text&#8221;][vc_column_text css_animation=&#8221;none&#8221; css=&#8221;.vc_custom_1611675042648{padding-bottom: 20px !important;}&#8221;]<\/p>\n<h2>Activit\u0103\u021bi<\/h2>\n<p>[\/vc_column_text][vc_column_text css_animation=&#8221;none&#8221;]Activitatea noastr\u0103 se bazeaz\u0103 pe turismul receptiv, de la vacan\u021be individuale de var\u0103 p\u00e2n\u0103 la cazarea grupurilor organizate. Avem o vast\u0103 experien\u021b\u0103 \u00een domeniul turismului \u0219colar \u0219i de tineret, al turismului sindical, al sportului, turismului cultural \u0219i al congreselor.<\/p>\n<p>Organiz\u0103m numeroase excursii, unde c\u0103l\u0103torii no\u0219tri pot cunoa\u0219te patrimoniul cultural \u0219i frumuse\u021bea Greciei, oferim serviciile echipei noastre de ghizi profesioni\u0219ti, precum \u0219i servicii de c\u0103l\u0103tori \u00een sezonul turistic de var\u0103.<br \/>\nSuntem cunoscu\u021bi pentru organizarea diverselor evenimente, s\u0103rb\u0103tori \u0219i festivit\u0103\u021bi.[\/vc_column_text][\/vc_column][vc_column width=&#8221;1\/4&#8243; css=&#8221;.vc_custom_1607420632612{background-image: url(https:\/\/erato-holidays.gr\/wp-content\/uploads\/2020\/12\/hotel-paralia-inn-restoran-bar-recepcia-loby-6.jpg?id=845) !important;background-position: center !important;background-repeat: no-repeat !important;background-size: cover !important;}&#8221;][\/vc_column][\/vc_row][vc_row enable_grid_lines=&#8221;&#8221; css=&#8221;.vc_custom_1604674697996{border-bottom-width: 1px !important;padding-top: 0px !important;padding-right: 100px !important;padding-left: 100px !important;border-bottom-color: #e7e7e7 !important;border-bottom-style: solid !important;}&#8221; el_class=&#8221;icon-row&#8221;][vc_column css=&#8221;.vc_custom_1604674694500{padding-top: 0px !important;}&#8221;][vc_row_inner content_placement=&#8221;bottom&#8221; enable_grid_lines=&#8221;&#8221; css=&#8221;.vc_custom_1605708564310{padding-right: 40px !important;padding-left: 40px !important;}&#8221; el_class=&#8221;padding-l-r-2 padding-l-r-2-1&#8243;][vc_column_inner css=&#8221;.vc_custom_1607507384143{border-right-width: 1px !important;border-left-width: 1px !important;padding-top: 60px !important;padding-right: 120px !important;padding-bottom: 60px !important;padding-left: 120px !important;background-color: #ffffff !important;border-left-color: #e7e7e7 !important;border-left-style: solid !important;border-right-color: #e7e7e7 !important;border-right-style: solid !important;}&#8221;][vc_column_text css_animation=&#8221;none&#8221; css=&#8221;.vc_custom_1611675090437{padding-bottom: 20px !important;}&#8221;]<\/p>\n<h2>Principiile noastre<\/h2>\n<p>[\/vc_column_text][vc_column_text css_animation=&#8221;none&#8221;]<\/p>\n<p style=\"text-align: left;\">Investim continuu \u00een calitatea tuturor unit\u0103\u021bilor noastre de cazare, astfel \u00eenc\u00e2t v\u0103 pute\u021bi bucura de confortul, func\u021bionalitatea \u0219i designul modern hotelier al camerelor \u0219i apartamentelor.<br \/>\n\u00cen restaurantele noastre \u00eengrijim gam\u0103 larg\u0103 de buc\u0103t\u0103rie greceasc\u0103 mediteranean\u0103 \u0219i specialit\u0103\u021bi tradi\u021bionale s\u00e2rbe\u0219ti.<br \/>\nMuncim harnic pentru a v\u0103 oferi cel mai bun serviciu. Ospitalitatea tradi\u021bional\u0103 este calitatea noastr\u0103, precum \u0219i personalul bine instruit, care va face \u0219ederea dvs. de neuitat!<\/p>\n<p>BINE A\u021aI VENIT \u00ceN HOTELURILE NOASTRE !!![\/vc_column_text][\/vc_column_inner][\/vc_row_inner][\/vc_column][\/vc_row][vc_row enable_grid_lines=&#8221;&#8221; el_class=&#8221;align-row timeline-row&#8221; css=&#8221;.vc_custom_1605708861496{margin-top: 40px !important;padding-right: 2% !important;padding-bottom: 100px !important;padding-left: 2% !important;background-image: url(https:\/\/erato-holidays.gr\/wp-content\/uploads\/2020\/11\/abstract-beach-sand-top-view.jpg?id=302) !important;background-position: center !important;background-repeat: no-repeat !important;background-size: cover !important;}&#8221;][vc_column][vc_column_text css_animation=&#8221;none&#8221; css=&#8221;.vc_custom_1611675188298{padding-bottom: 100px !important;}&#8221;]<\/p>\n<h2 style=\"text-align: center;\">Cronologie<\/h2>\n<p>[\/vc_column_text][vc_single_image image=&#8221;150&#8243; img_size=&#8221;full&#8221; el_class=&#8221;img-130 img-4 box-2 bounce-4&#8243;][vc_single_image image=&#8221;157&#8243; img_size=&#8221;full&#8221; el_class=&#8221;img-130 img-2 box-3 bounce-3&#8243;][vc_single_image image=&#8221;157&#8243; img_size=&#8221;full&#8221; el_class=&#8221;img-130 img-5 box-6 bounce-6&#8243;][vc_column_text]<div class='white' style='background:rgba(250, 250, 250, 0); border:solid 0px #f0f0f0; border-radius:0px; padding:8px 8px 3px 18px;'>\n<div id='sample_slider' class='owl-carousel sa_owl_theme owl-pagination-true' data-slider-id='sample_slider' style='visibility:hidden;'>\n<div id='sample_slider_slide01' class='sa_hover_container' style='padding:5% 5%; margin:0px 5%; background-color:rgb(255, 255, 255); '><div style=\"text-align: center; padding-bottom: 10px;\">\r\n<p class=\"slide-h3\">1988<\/p>\r\n<h3>\u00cenceputul afacerii noastre<\/h3>\r\n<p class=\"text-slider\">Afacerea noastr\u0103 \u00een domeniul turismului \u00eencepe din 1988 \u00een Atena.<\/p>\r\n<\/div><\/div>\n<div id='sample_slider_slide02' class='sa_hover_container' style='padding:5% 5%; margin:0px 5%; background-color:rgb(255, 255, 255); '><div style=\"text-align: center; padding-bottom: 10px;\">\r\n<p class=\"slide-h3\">1991<\/p>\r\n<h3>Extindem afacerea<\/h3>\r\n<p class=\"text-slider\">Din anul1991. afacerea nostr\u0103 se extinde \u00een Grecia de Nord.<\/p>\r\n<\/div><\/div>\n<div id='sample_slider_slide03' class='sa_hover_container' style='padding:5% 5%; margin:0px 5%; background-color:rgb(255, 255, 255); '><div style=\"text-align: center; padding-bottom: 10px;\">\r\n<p class=\"slide-h3\">1999<\/p>\r\n<h3>Primul nostru hotel<\/h3>\r\n<p class=\"text-slider\">\u00cen anul 1999. fond\u0103m primul nostru hotel sub nume ERATO.<\/p>\r\n<\/div><\/div>\n<div id='sample_slider_slide04' class='sa_hover_container' style='padding:5% 5%; margin:0px 5%; background-color:rgb(255, 255, 255); '><div style=\"text-align: center; padding-bottom: 10px;\">\r\n<p class=\"slide-h3\">2020<\/p>\r\n<h3>Erato Holidays grupa\u021bia<\/h3>\r\n<p class=\"text-slider\">Ast\u0103zi Erato Holidays este unul dintre cele mai mari grupuri hoteliere din Paralia.<\/p>\r\n<\/div><\/div>\n<\/div>\n<\/div>\n<script type='text\/javascript'>\n\tjQuery(document).ready(function() {\n\t\tjQuery('#sample_slider').owlCarousel({\n\t\t\tresponsive:{\n\t\t\t\t0:{ items:1 },\n\t\t\t\t480:{ items:2 },\n\t\t\t\t768:{ items:3 },\n\t\t\t\t980:{ items:4 },\n\t\t\t\t1200:{ items:4 },\n\t\t\t\t1500:{ items:4 }\n\t\t\t},\n\t\t\tautoplay : false,\n\t\t\tautoplayHoverPause : false,\n\t\t\tsmartSpeed : 300,\n\t\t\tfluidSpeed : 300,\n\t\t\tautoplaySpeed : 300,\n\t\t\tnavSpeed : 300,\n\t\t\tdotsSpeed : 300,\n\t\t\tloop : false,\n\t\t\tnav : false,\n\t\t\tnavText : ['Previous','Next'],\n\t\t\tdots : true,\n\t\t\tresponsiveRefreshRate : 200,\n\t\t\tslideBy : 1,\n\t\t\tmergeFit : true,\n\t\t\tautoHeight : false,\n\t\t\tmouseDrag : true,\n\t\t\ttouchDrag : true\n\t\t});\n\t\tjQuery('#sample_slider').css('visibility', 'visible');\n\t\tsa_resize_sample_slider();\n\t\twindow.addEventListener('resize', sa_resize_sample_slider);\n\t\tfunction sa_resize_sample_slider() {\n\t\t\tvar min_height = '50';\n\t\t\tvar win_width = jQuery(window).width();\n\t\t\tvar slider_width = jQuery('#sample_slider').width();\n\t\t\tif (win_width < 480) {\n\t\t\t\tvar slide_width = slider_width \/ 1;\n\t\t\t} else if (win_width < 768) {\n\t\t\t\tvar slide_width = slider_width \/ 2;\n\t\t\t} else if (win_width < 980) {\n\t\t\t\tvar slide_width = slider_width \/ 3;\n\t\t\t} else if (win_width < 1200) {\n\t\t\t\tvar slide_width = slider_width \/ 4;\n\t\t\t} else if (win_width < 1500) {\n\t\t\t\tvar slide_width = slider_width \/ 4;\n\t\t\t} else {\n\t\t\t\tvar slide_width = slider_width \/ 4;\n\t\t\t}\n\t\t\tslide_width = Math.round(slide_width);\n\t\t\tvar slide_height = '0';\n\t\t\tif (min_height == 'aspect43') {\n\t\t\t\tslide_height = (slide_width \/ 4) * 3;\t\t\t\tslide_height = Math.round(slide_height);\n\t\t\t} else if (min_height == 'aspect169') {\n\t\t\t\tslide_height = (slide_width \/ 16) * 9;\t\t\t\tslide_height = Math.round(slide_height);\n\t\t\t} else {\n\t\t\t\tslide_height = (slide_width \/ 100) * min_height;\t\t\t\tslide_height = Math.round(slide_height);\n\t\t\t}\n\t\t\tjQuery('#sample_slider .owl-item .sa_hover_container').css('min-height', slide_height+'px');\n\t\t}\n\t\tvar owl_goto = jQuery('#sample_slider');\n\t\tjQuery('.sample_slider_goto1').click(function(event){\n\t\t\towl_goto.trigger('to.owl.carousel', 0);\n\t\t});\n\t\tjQuery('.sample_slider_goto2').click(function(event){\n\t\t\towl_goto.trigger('to.owl.carousel', 1);\n\t\t});\n\t\tjQuery('.sample_slider_goto3').click(function(event){\n\t\t\towl_goto.trigger('to.owl.carousel', 2);\n\t\t});\n\t\tjQuery('.sample_slider_goto4').click(function(event){\n\t\t\towl_goto.trigger('to.owl.carousel', 3);\n\t\t});\n\t\tvar resize_1630 = jQuery('.owl-carousel');\n\t\tresize_1630.on('initialized.owl.carousel', function(e) {\n\t\t\tif (typeof(Event) === 'function') {\n\t\t\t\twindow.dispatchEvent(new Event('resize'));\n\t\t\t} else {\n\t\t\t\tvar evt = window.document.createEvent('UIEvents');\n\t\t\t\tevt.initUIEvent('resize', true, false, window, 0);\n\t\t\t\twindow.dispatchEvent(evt);\n\t\t\t}\n\t\t});\n\t});\n<\/script>\n[\/vc_column_text][\/vc_column][\/vc_row]<\/p>\n","protected":false},"excerpt":{"rendered":"<p>[vc_row enable_grid_lines=&#8221;&#8221; el_class=&#8221;img-row-title&#8221;][vc_column offset=&#8221;vc_hidden-lg vc_hidden-md&#8221;][vc_single_image image=&#8221;1253&#8243; img_size=&#8221;full&#8221;][\/vc_column][\/vc_row][vc_row full_width=&#8221;stretch_row&#8221; content_placement=&#8221;bottom&#8221; enable_grid_lines=&#8221;&#8221; el_class=&#8221;first-main-row&#8221;][vc_column][vc_row_inner content_placement=&#8221;bottom&#8221; enable_grid_lines=&#8221;&#8221; css=&#8221;.vc_custom_1607420394550{padding-top: 20px !important;padding-right: 40px !important;padding-left: 40px !important;background-image: url(https:\/\/erato-holidays.gr\/wp-content\/uploads\/2020\/12\/erato-hotel-reklama-na-krovu-hotela.jpg?id=1253) !important;background-position: center !important;background-repeat: no-repeat !important;background-size: cover !important;}&#8221; el_class=&#8221;first-fold first-fold-contact&#8221;][vc_column_inner el_class=&#8221;margin-l&#8221; width=&#8221;1\/2&#8243; css=&#8221;.vc_custom_1605708539294{margin-left: 100px !important;border-bottom-width: 1px !important;border-left-width: 1px !important;padding-top: 40px [&hellip;]<\/p>\n","protected":false},"author":1,"featured_media":0,"parent":0,"menu_order":0,"comment_status":"closed","ping_status":"closed","template":"full-width.php","meta":{"_acf_changed":false,"footnotes":""},"class_list":["post-1590","page","type-page","status-publish","hentry"],"acf":[],"yoast_head":"<!-- This site is optimized with the Yoast SEO plugin v26.7 - https:\/\/yoast.com\/wordpress\/plugins\/seo\/ -->\n<title>Despre noi \u2013 grupa\u021bie hotelier\u0103 a familiei Raki\u0107 - Erato Holidays<\/title>\n<meta name=\"description\" content=\"Suntem un grup hotelier dinamic, cu mul\u021bi ani de experien\u021b\u0103 \u00een industria hotelier\u0103 \u0219i de catering, cu o baz\u0103 mare de facilit\u0103\u021bi de cazare \u00een Paralia.\" \/>\n<meta name=\"robots\" content=\"index, follow, max-snippet:-1, max-image-preview:large, max-video-preview:-1\" \/>\n<link rel=\"canonical\" href=\"https:\/\/erato-holidays.gr\/ro\/despre-noi\/\" \/>\n<meta property=\"og:locale\" content=\"ro_RO\" \/>\n<meta property=\"og:type\" content=\"article\" \/>\n<meta property=\"og:title\" content=\"Despre noi \u2013 grupa\u021bie hotelier\u0103 a familiei Raki\u0107 - Erato Holidays\" \/>\n<meta property=\"og:description\" content=\"Suntem un grup hotelier dinamic, cu mul\u021bi ani de experien\u021b\u0103 \u00een industria hotelier\u0103 \u0219i de catering, cu o baz\u0103 mare de facilit\u0103\u021bi de cazare \u00een Paralia.\" \/>\n<meta property=\"og:url\" content=\"https:\/\/erato-holidays.gr\/ro\/despre-noi\/\" \/>\n<meta property=\"og:site_name\" content=\"Erato Holidays\" \/>\n<meta property=\"article:modified_time\" content=\"2021-01-27T09:13:55+00:00\" \/>\n<meta property=\"og:image\" content=\"https:\/\/erato-holidays.gr\/wp-content\/uploads\/2021\/01\/hotel-erato-paralia.jpg\" \/>\n\t<meta property=\"og:image:width\" content=\"1200\" \/>\n\t<meta property=\"og:image:height\" content=\"628\" \/>\n\t<meta property=\"og:image:type\" content=\"image\/jpeg\" \/>\n<meta name=\"twitter:card\" content=\"summary_large_image\" \/>\n<script type=\"application\/ld+json\" class=\"yoast-schema-graph\">{\"@context\":\"https:\/\/schema.org\",\"@graph\":[{\"@type\":\"WebPage\",\"@id\":\"https:\/\/erato-holidays.gr\/ro\/despre-noi\/\",\"url\":\"https:\/\/erato-holidays.gr\/ro\/despre-noi\/\",\"name\":\"Despre noi \u2013 grupa\u021bie hotelier\u0103 a familiei Raki\u0107 - Erato Holidays\",\"isPartOf\":{\"@id\":\"https:\/\/erato-holidays.gr\/ro\/#website\"},\"datePublished\":\"2020-11-10T09:46:07+00:00\",\"dateModified\":\"2021-01-27T09:13:55+00:00\",\"description\":\"Suntem un grup hotelier dinamic, cu mul\u021bi ani de experien\u021b\u0103 \u00een industria hotelier\u0103 \u0219i de catering, cu o baz\u0103 mare de facilit\u0103\u021bi de cazare \u00een Paralia.\",\"breadcrumb\":{\"@id\":\"https:\/\/erato-holidays.gr\/ro\/despre-noi\/#breadcrumb\"},\"inLanguage\":\"ro-RO\",\"potentialAction\":[{\"@type\":\"ReadAction\",\"target\":[\"https:\/\/erato-holidays.gr\/ro\/despre-noi\/\"]}]},{\"@type\":\"BreadcrumbList\",\"@id\":\"https:\/\/erato-holidays.gr\/ro\/despre-noi\/#breadcrumb\",\"itemListElement\":[{\"@type\":\"ListItem\",\"position\":1,\"name\":\"Home\",\"item\":\"https:\/\/erato-holidays.gr\/ro\/\"},{\"@type\":\"ListItem\",\"position\":2,\"name\":\"Despre noi\"}]},{\"@type\":\"WebSite\",\"@id\":\"https:\/\/erato-holidays.gr\/ro\/#website\",\"url\":\"https:\/\/erato-holidays.gr\/ro\/\",\"name\":\"Erato Holidays\",\"description\":\"\",\"publisher\":{\"@id\":\"https:\/\/erato-holidays.gr\/ro\/#organization\"},\"potentialAction\":[{\"@type\":\"SearchAction\",\"target\":{\"@type\":\"EntryPoint\",\"urlTemplate\":\"https:\/\/erato-holidays.gr\/ro\/?s={search_term_string}\"},\"query-input\":{\"@type\":\"PropertyValueSpecification\",\"valueRequired\":true,\"valueName\":\"search_term_string\"}}],\"inLanguage\":\"ro-RO\"},{\"@type\":\"Organization\",\"@id\":\"https:\/\/erato-holidays.gr\/ro\/#organization\",\"name\":\"Erato Holidays\",\"url\":\"https:\/\/erato-holidays.gr\/ro\/\",\"logo\":{\"@type\":\"ImageObject\",\"inLanguage\":\"ro-RO\",\"@id\":\"https:\/\/erato-holidays.gr\/ro\/#\/schema\/logo\/image\/\",\"url\":\"https:\/\/erato-holidays.gr\/wp-content\/uploads\/2020\/11\/erato-logo.png\",\"contentUrl\":\"https:\/\/erato-holidays.gr\/wp-content\/uploads\/2020\/11\/erato-logo.png\",\"width\":500,\"height\":248,\"caption\":\"Erato Holidays\"},\"image\":{\"@id\":\"https:\/\/erato-holidays.gr\/ro\/#\/schema\/logo\/image\/\"}}]}<\/script>\n<!-- \/ Yoast SEO plugin. -->","yoast_head_json":{"title":"Despre noi \u2013 grupa\u021bie hotelier\u0103 a familiei Raki\u0107 - Erato Holidays","description":"Suntem un grup hotelier dinamic, cu mul\u021bi ani de experien\u021b\u0103 \u00een industria hotelier\u0103 \u0219i de catering, cu o baz\u0103 mare de facilit\u0103\u021bi de cazare \u00een Paralia.","robots":{"index":"index","follow":"follow","max-snippet":"max-snippet:-1","max-image-preview":"max-image-preview:large","max-video-preview":"max-video-preview:-1"},"canonical":"https:\/\/erato-holidays.gr\/ro\/despre-noi\/","og_locale":"ro_RO","og_type":"article","og_title":"Despre noi \u2013 grupa\u021bie hotelier\u0103 a familiei Raki\u0107 - Erato Holidays","og_description":"Suntem un grup hotelier dinamic, cu mul\u021bi ani de experien\u021b\u0103 \u00een industria hotelier\u0103 \u0219i de catering, cu o baz\u0103 mare de facilit\u0103\u021bi de cazare \u00een Paralia.","og_url":"https:\/\/erato-holidays.gr\/ro\/despre-noi\/","og_site_name":"Erato Holidays","article_modified_time":"2021-01-27T09:13:55+00:00","og_image":[{"width":1200,"height":628,"url":"https:\/\/erato-holidays.gr\/wp-content\/uploads\/2021\/01\/hotel-erato-paralia.jpg","type":"image\/jpeg"}],"twitter_card":"summary_large_image","schema":{"@context":"https:\/\/schema.org","@graph":[{"@type":"WebPage","@id":"https:\/\/erato-holidays.gr\/ro\/despre-noi\/","url":"https:\/\/erato-holidays.gr\/ro\/despre-noi\/","name":"Despre noi \u2013 grupa\u021bie hotelier\u0103 a familiei Raki\u0107 - Erato Holidays","isPartOf":{"@id":"https:\/\/erato-holidays.gr\/ro\/#website"},"datePublished":"2020-11-10T09:46:07+00:00","dateModified":"2021-01-27T09:13:55+00:00","description":"Suntem un grup hotelier dinamic, cu mul\u021bi ani de experien\u021b\u0103 \u00een industria hotelier\u0103 \u0219i de catering, cu o baz\u0103 mare de facilit\u0103\u021bi de cazare \u00een Paralia.","breadcrumb":{"@id":"https:\/\/erato-holidays.gr\/ro\/despre-noi\/#breadcrumb"},"inLanguage":"ro-RO","potentialAction":[{"@type":"ReadAction","target":["https:\/\/erato-holidays.gr\/ro\/despre-noi\/"]}]},{"@type":"BreadcrumbList","@id":"https:\/\/erato-holidays.gr\/ro\/despre-noi\/#breadcrumb","itemListElement":[{"@type":"ListItem","position":1,"name":"Home","item":"https:\/\/erato-holidays.gr\/ro\/"},{"@type":"ListItem","position":2,"name":"Despre noi"}]},{"@type":"WebSite","@id":"https:\/\/erato-holidays.gr\/ro\/#website","url":"https:\/\/erato-holidays.gr\/ro\/","name":"Erato Holidays","description":"","publisher":{"@id":"https:\/\/erato-holidays.gr\/ro\/#organization"},"potentialAction":[{"@type":"SearchAction","target":{"@type":"EntryPoint","urlTemplate":"https:\/\/erato-holidays.gr\/ro\/?s={search_term_string}"},"query-input":{"@type":"PropertyValueSpecification","valueRequired":true,"valueName":"search_term_string"}}],"inLanguage":"ro-RO"},{"@type":"Organization","@id":"https:\/\/erato-holidays.gr\/ro\/#organization","name":"Erato Holidays","url":"https:\/\/erato-holidays.gr\/ro\/","logo":{"@type":"ImageObject","inLanguage":"ro-RO","@id":"https:\/\/erato-holidays.gr\/ro\/#\/schema\/logo\/image\/","url":"https:\/\/erato-holidays.gr\/wp-content\/uploads\/2020\/11\/erato-logo.png","contentUrl":"https:\/\/erato-holidays.gr\/wp-content\/uploads\/2020\/11\/erato-logo.png","width":500,"height":248,"caption":"Erato Holidays"},"image":{"@id":"https:\/\/erato-holidays.gr\/ro\/#\/schema\/logo\/image\/"}}]}},"_links":{"self":[{"href":"https:\/\/erato-holidays.gr\/ro\/wp-json\/wp\/v2\/pages\/1590","targetHints":{"allow":["GET"]}}],"collection":[{"href":"https:\/\/erato-holidays.gr\/ro\/wp-json\/wp\/v2\/pages"}],"about":[{"href":"https:\/\/erato-holidays.gr\/ro\/wp-json\/wp\/v2\/types\/page"}],"author":[{"embeddable":true,"href":"https:\/\/erato-holidays.gr\/ro\/wp-json\/wp\/v2\/users\/1"}],"replies":[{"embeddable":true,"href":"https:\/\/erato-holidays.gr\/ro\/wp-json\/wp\/v2\/comments?post=1590"}],"version-history":[{"count":3,"href":"https:\/\/erato-holidays.gr\/ro\/wp-json\/wp\/v2\/pages\/1590\/revisions"}],"predecessor-version":[{"id":1632,"href":"https:\/\/erato-holidays.gr\/ro\/wp-json\/wp\/v2\/pages\/1590\/revisions\/1632"}],"wp:attachment":[{"href":"https:\/\/erato-holidays.gr\/ro\/wp-json\/wp\/v2\/media?parent=1590"}],"curies":[{"name":"wp","href":"https:\/\/api.w.org\/{rel}","templated":true}]}}